{"id":473,"date":"2017-01-13T19:19:23","date_gmt":"2017-01-13T19:19:23","guid":{"rendered":"http:\/\/logusinformatica.net\/?page_id=473"},"modified":"2022-07-19T20:50:40","modified_gmt":"2022-07-19T20:50:40","slug":"historia","status":"publish","type":"page","link":"http:\/\/www.logusinformatica.net\/?page_id=473","title":{"rendered":"<i class=\"fa fa-leanpub\"><\/i> Hist\u00f3ria"},"content":{"rendered":"<h1>HIST\u00d3RIA DA EMPRESA<\/h1>\n<p>&nbsp;<\/p>\n<p class=\"Estilo5\" align=\"justify\">Caros alunos ou futuros alunos da Logus Inform\u00e1tica, \u00e9 com muita satisfa\u00e7\u00e3o que venho mostrar um pouco de nossa empresa. Pioneira no Estado do Tocantins, s\u00e3o 33 anos trabalhando para oferecer a voc\u00ea o melhor em termo de capacita\u00e7\u00e3o profissional. Temos hoje v\u00e1rias empresas parceiras que acreditam no nosso trabalho, como por exemplo o Instituto Aprender (prepara jovens para trabalhar em ag\u00eancias banc\u00e1rias, sendo preparados na Logus Inform\u00e1tica), a Funda\u00e7\u00e3o Get\u00falio Vargas (de renome nacional. Parceira da Logus na certifica\u00e7\u00e3o de qualidade, onde v\u00e1rias empresas e pessoas f\u00edsicas no Brasil se dirigem at\u00e9 a Logus para fazerem suas provas e assim estarem qualificadas.<br \/>\nA Logus tamb\u00e9m ajudou na capacita\u00e7\u00e3o de mais de 2.000 jovens de baixa renda atrav\u00e9s do Projeto Gali (Projeto de Inclus\u00e3o social atrav\u00e9s da inclus\u00e3o digital), dando assim a oportunidade de emprego sobretudo para os mais necessitados. Queridos pais, a mesma oportunidade que eu tive quero dar a seu filho. Em 1986, com 16 anos eu j\u00e1 sabia manipular um computador. Ent\u00e3o, desempregado na \u00e9poca, comecei a trabalhar em um projeto que at\u00e9 hoje me enche de felicidade, preparar o seu filho para o mercado de trabalho abrindo um leque de op\u00e7\u00f5es que mudar\u00e1 para sempre o modo dele ver e viver a vida. Em 1989 nasceu a Logus Inform\u00e1tica. J\u00e1 capacitamos para o mercado de Trabalho mais de 50.000 alunos neste per\u00edodo.<br \/>\nHoje com sede pr\u00f3pria, estamos melhorando ainda mais nosso sistema de ensino e nosso quadro de colaboradores. Obrigado a todos que sempre acreditaram em nosso trabalho.<\/p>\n<p class=\"Estilo5\">Gilberto T\u00e1vora \u2013 Diretor<\/p>\n","protected":false},"excerpt":{"rendered":"<p>HIST\u00d3RIA DA EMPRESA &nbsp; Caros alunos ou futuros alunos da Logus Inform\u00e1tica, \u00e9 com muita satisfa\u00e7\u00e3o que venho mostrar um pouco de nossa empresa. Pioneira no Estado do Tocantins, s\u00e3o 33 anos trabalhando para oferecer a voc\u00ea o melhor em termo de capacita\u00e7\u00e3o profissional. Temos hoje v\u00e1rias empresas parceiras que acreditam no nosso trabalho, como [&hellip;]<\/p>\n","protected":false},"author":1,"featured_media":0,"parent":0,"menu_order":0,"comment_status":"closed","ping_status":"closed","template":"","meta":[],"_links":{"self":[{"href":"http:\/\/www.logusinformatica.net\/index.php?rest_route=\/wp\/v2\/pages\/473"}],"collection":[{"href":"http:\/\/www.logusinformatica.net\/index.php?rest_route=\/wp\/v2\/pages"}],"about":[{"href":"http:\/\/www.logusinformatica.net\/index.php?rest_route=\/wp\/v2\/types\/page"}],"author":[{"embeddable":true,"href":"http:\/\/www.logusinformatica.net\/index.php?rest_route=\/wp\/v2\/users\/1"}],"replies":[{"embeddable":true,"href":"http:\/\/www.logusinformatica.net\/index.php?rest_route=%2Fwp%2Fv2%2Fcomments&post=473"}],"version-history":[{"count":13,"href":"http:\/\/www.logusinformatica.net\/index.php?rest_route=\/wp\/v2\/pages\/473\/revisions"}],"predecessor-version":[{"id":1037,"href":"http:\/\/www.logusinformatica.net\/index.php?rest_route=\/wp\/v2\/pages\/473\/revisions\/1037"}],"wp:attachment":[{"href":"http:\/\/www.logusinformatica.net\/index.php?rest_route=%2Fwp%2Fv2%2Fmedia&parent=473"}],"curies":[{"name":"wp","href":"https:\/\/api.w.org\/{rel}","templated":true}]}}