{"id":24,"date":"2017-01-02T14:25:28","date_gmt":"2017-01-02T14:25:28","guid":{"rendered":"http:\/\/www.logusinformatica.net\/?page_id=24"},"modified":"2017-01-14T17:04:57","modified_gmt":"2017-01-14T17:04:57","slug":"contato","status":"publish","type":"page","link":"http:\/\/www.logusinformatica.net\/?page_id=24","title":{"rendered":"<i class=\"fa fa-envelope\"><\/i>  Contato"},"content":{"rendered":"<h2 style=\"text-align: center;\"><span style=\"color: #ff6600;\">Localiza\u00e7\u00e3o<\/span><\/h2>\n<p><center><!--more--><\/center><\/p>\n<hr \/>\n<p><center><iframe loading=\"lazy\" style=\"border: 0;\" src=\"https:\/\/www.google.com\/maps\/embed?pb=!1m18!1m12!1m3!1d3958.4266891714037!2d-48.2134364853674!3d-7.192057872589555!2m3!1f0!2f0!3f0!3m2!1i1024!2i768!4f13.1!3m3!1m2!1s0x92d90db700ef9a1f%3A0x58fa00fe3aae045!2sLogus+Inform%C3%A1tica+Ltda!5e0!3m2!1spt-BR!2sbr!4v1483392684215\" width=\"900\" height=\"350\" frameborder=\"0\" allowfullscreen=\"allowfullscreen\"><\/iframe><\/center><center><\/center><!--more--><\/p>\n<h2 style=\"text-align: center;\"><\/h2>\n<p>&nbsp;<\/p>\n<hr \/>\n<h2 style=\"text-align: center;\"><span style=\"color: #ff6600;\">Nos envie um email, sugest\u00f5es, d\u00favidas ou cr\u00edticas<\/span><\/h2>\n<p><center><\/center><center>\n\n<!-- Fast Secure Contact Form plugin 4.0.52 - begin - FastSecureContactForm.com -->\r\n<div style=\"clear:both;\"><\/div>\n<p>Qualquer d\u00favida, sugest\u00e3o ou cr\u00edtica estamos ao dispor.<\/p>\r\n<div id=\"FSContact1\" style=\"width:99%; max-width:555px;\">\r\n<form action=\"http:\/\/www.logusinformatica.net\/index.php?rest_route=%2Fwp%2Fv2%2Fpages%2F24#FSContact1\" id=\"fscf_form1\" method=\"post\">\r\n\n<div id=\"fscf_required1\">\n  <span style=\"text-align:left;\">*<\/span> <span style=\"text-align:left;\">indicates required field<\/span>\n<\/div>\n\n\n<div id=\"fscf_div_clear1_0\" style=\"clear:both;\">\n  <div id=\"fscf_div_field1_0\" style=\"clear:left; float:left; width:99%; max-width:550px; margin-right:10px;\">\r\n    <div style=\"text-align:left; padding-top:5px;\">\n      <label style=\"display:inline;\" for=\"fscf_name1\">Name:<span style=\"text-align:left;\">*<\/span><\/label>\n    <\/div>\r\n    <div style=\"text-align:left;\">\r\n      <input style=\"text-align:left; margin:0; width:99%; max-width:250px;\" type=\"text\" id=\"fscf_name1\" name=\"full_name\" value=\"\"  \/>\r\n    <\/div>\r\n  <\/div>\n<\/div>\n\n<div id=\"fscf_div_clear1_1\" style=\"clear:both;\">\n  <div id=\"fscf_div_field1_1\" style=\"clear:left; float:left; width:99%; max-width:550px; margin-right:10px;\">\n    <div style=\"text-align:left; padding-top:5px;\">\n      <label style=\"display:inline;\" for=\"fscf_email1\">Email:<span style=\"text-align:left;\">*<\/span><\/label>\n    <\/div>\n    <div style=\"text-align:left;\">\n      <input style=\"text-align:left; margin:0; width:99%; max-width:250px;\" type=\"text\" id=\"fscf_email1\" name=\"email\" value=\"\"  \/>\n    <\/div>\n  <\/div>\n<\/div>\n\n<div id=\"fscf_div_clear1_2\" style=\"clear:both;\">\n  <div id=\"fscf_div_field1_2\" style=\"clear:left; float:left; width:99%; max-width:550px; margin-right:10px;\">\n    <div style=\"text-align:left; padding-top:5px;\">\n      <label style=\"display:inline;\" for=\"fscf_field1_2\">Subject:<span style=\"text-align:left;\">*<\/span><\/label>\n    <\/div>\n    <div style=\"text-align:left;\">\n      <input style=\"text-align:left; margin:0; width:99%; max-width:250px;\" type=\"text\" id=\"fscf_field1_2\" name=\"subject\" value=\"\"  \/>\n    <\/div>\n  <\/div>\n<\/div>\n\n<div id=\"fscf_div_clear1_3\" style=\"clear:both;\">\n  <div id=\"fscf_div_field1_3\" style=\"clear:left; float:left; width:99%; max-width:550px; margin-right:10px;\">\n    <div style=\"text-align:left; padding-top:5px;\">\n      <label style=\"display:inline;\" for=\"fscf_field1_3\">Message:<span style=\"text-align:left;\">*<\/span><\/label>\n    <\/div>\n    <div style=\"text-align:left;\">\n      <textarea style=\"text-align:left; margin:0; width:99%; max-width:250px; height:120px;\" id=\"fscf_field1_3\" name=\"message\" cols=\"30\" rows=\"10\" ><\/textarea>\n    <\/div>\n  <\/div>\n<\/div>\n\n<div style=\"clear:both;\"><\/div>\n\n<fieldset id=\"fscf_fieldset1_4\" style=\"border:1px solid black; width:97%; max-width:500px; padding:10px;\">\r\n\t  <legend>Qual Curso pretendido:<\/legend>\n\n<div id=\"fscf_div_clear1_5\" style=\"clear:both;\">\n  <div id=\"fscf_div_field1_5\" style=\"clear:left; float:left; width:99%; max-width:550px; margin-right:10px;\">\n    <div  id=\"fscf_label1_5\" style=\"text-align:left; padding-top:5px;\">\r\n      <label style=\"display:inline;\" for=\"fscf_field1_5\">Escolha os dias da  semana:<\/label>\n    <\/div>\n    <div style=\"text-align:left;\">\n      <input style=\"text-align:left; margin:0; width:99%; max-width:250px;\" type=\"text\" id=\"fscf_field1_5\" name=\"Dias-da-semana\" value=\"\"  \/>\n    <\/div>\n  <\/div>\n<\/div>\n\n<div id=\"fscf_div_clear1_6\" style=\"clear:both;\">\n  <div id=\"fscf_div_field1_6\" style=\"clear:left; float:left; width:99%; max-width:550px; margin-right:10px;\">\n    <div  id=\"fscf_label1_6\" style=\"text-align:left; padding-top:5px;\">\r\n      <label style=\"display:inline;\" for=\"fscf_field1_6\">Escolha o seu Horario Pretendido:<\/label>\n    <\/div>\n    <div style=\"text-align:left;\">\n      <input style=\"text-align:left; margin:0; width:99%; max-width:250px;\" type=\"text\" id=\"fscf_field1_6\" name=\"Horario-Pretendido\" value=\"\"  \/>\n    <\/div>\n  <\/div>\n<\/div>\r\n<div style=\"clear:both;\"><\/div>\n\n<div style=\"text-align:left; padding-top:5px;\">\n<\/div>\n<div id=\"fscf_captcha_image_div1\" style=\"width:250px; height:65px; padding-top:2px;\">\n      <img id=\"fscf_captcha_image1\" style=\"border-style:none; margin:0; padding:0px; padding-right:5px; float:left;\" src=\"http:\/\/www.logusinformatica.net\/wp-content\/plugins\/si-contact-form\/captcha\/securimage_show.php?prefix=8Epov4ZvceFnh9E5\" width=\"175\" height=\"60\" alt=\"CAPTCHA\" title=\"CAPTCHA\" \/>\n      <input id=\"fscf_captcha_prefix1\" type=\"hidden\" name=\"fscf_captcha_prefix1\" value=\"8Epov4ZvceFnh9E5\" \/>\n     <div id=\"fscf_captcha_refresh1\">\n        <a href=\"#\" rel=\"nofollow\" title=\"Refresh\" onclick=\"fscf_captcha_refresh('1','\/wp-content\/plugins\/si-contact-form\/captcha','http:\/\/www.logusinformatica.net\/wp-content\/plugins\/si-contact-form\/captcha\/securimage_show.php?prefix='); return false;\">\n        <img src=\"http:\/\/www.logusinformatica.net\/wp-content\/plugins\/si-contact-form\/captcha\/images\/refresh.png\" width=\"22\" height=\"20\" alt=\"Refresh\" style=\"border-style:none; margin:1; padding:0px; vertical-align:bottom;\" onclick=\"this.blur();\" \/><\/a>\r\n     <\/div>\r\n<\/div>\r\n\r\n<div id=\"fscf_captcha_field1\" style=\"text-align:left; padding-top:5px;\">\r\n     <label style=\"display:inline;\" for=\"fscf_captcha_code1\">CAPTCHA Code:<span style=\"text-align:left;\">*<\/span><\/label>\r\n<\/div>\r\n<div style=\"text-align:left;\">\n     <input style=\"text-align:left; margin:0; width:50px;\" type=\"text\" value=\"\" autocomplete=\"off\" id=\"fscf_captcha_code1\" name=\"captcha_code\"  \/>\n<\/div>\n\n<div id=\"fscf_submit_div1\" style=\"text-align:left; clear:both; padding-top:15px;\">\r\n\t\t<input type=\"submit\" id=\"fscf_submit1\" style=\"cursor:pointer; margin:0;\" value=\"Enviar\"  onclick=\"this.disabled=true; this.value='Submitting...'; this.form.submit();\" \/> \n<\/div>\n\n<input type=\"hidden\" name=\"fscf_submitted\" value=\"0\" \/>\n<input type=\"hidden\" name=\"fs_postonce_1\" value=\"28625d4438d622b6b9a81617f6188f73,1776762075\" \/>\n<input type=\"hidden\" name=\"si_contact_action\" value=\"send\" \/>\n<input type=\"hidden\" name=\"form_id\" value=\"1\" \/>\n<input type=\"hidden\" name=\"mailto_id\" value=\"1\" \/>\n\n<\/form>\n<\/div>\r\n<div style=\"clear:both;\"><\/div>\n\n<!-- Fast Secure Contact Form plugin 4.0.52 - end - FastSecureContactForm.com -->\n<\/center>\u00a0<!--more--><\/p>\n<p>&nbsp;<\/p>\n<hr \/>\n<div class=\"widget_text widget\">\n<p>&nbsp;<\/p>\n<p>Rua 1\u00ba de Janeiro, 1064- sala 03 &#8211; Centro \u2013 Aragua\u00edna &#8211; TO<\/p>\n<p><strong>Telefone: (63) 3414-4700<\/strong><\/p>\n<p><strong>E-mail:<\/strong> <a href=\"mailto:gilbertodalogus@gmail.com\">gilberto.logus@hotmail.com<\/a><\/p>\n<p>&nbsp;<\/p>\n<\/div>\n<h1 style=\"text-align: center;\"><\/h1>\n<h1 style=\"text-align: center;\"><img loading=\"lazy\" class=\"alignnone size-full wp-image-191\" src=\"http:\/\/www.logusinformatica.net\/wp-content\/uploads\/2017\/01\/bot_chat.png\" alt=\"\" width=\"80\" height=\"80\" \/> <img loading=\"lazy\" class=\"alignnone size-medium wp-image-192\" src=\"http:\/\/www.logusinformatica.net\/wp-content\/uploads\/2017\/01\/bot_email.png\" alt=\"\" width=\"80\" height=\"80\" \/> <a href=\"http:\/\/www.uol.com.br\"><img loading=\"lazy\" class=\"alignnone wp-image-193 size-full\" title=\"http:\/\/www.uol.com.br\" src=\"http:\/\/www.logusinformatica.net\/wp-content\/uploads\/2017\/01\/bot_facebook.png\" width=\"80\" height=\"80\" \/><\/a> <img loading=\"lazy\" class=\"alignnone size-medium wp-image-194\" src=\"http:\/\/www.logusinformatica.net\/wp-content\/uploads\/2017\/01\/bot_inkedin.png\" alt=\"\" width=\"80\" height=\"80\" \/> <img loading=\"lazy\" class=\"alignnone size-medium wp-image-195\" src=\"http:\/\/www.logusinformatica.net\/wp-content\/uploads\/2017\/01\/bot_skype.png\" alt=\"\" width=\"80\" height=\"80\" \/> <img loading=\"lazy\" class=\"alignnone size-medium wp-image-196\" src=\"http:\/\/www.logusinformatica.net\/wp-content\/uploads\/2017\/01\/bot_twitter.png\" alt=\"\" width=\"80\" height=\"80\" \/> <img loading=\"lazy\" class=\"alignnone size-medium wp-image-197\" src=\"http:\/\/www.logusinformatica.net\/wp-content\/uploads\/2017\/01\/bot_youtube.ico\" alt=\"\" width=\"1\" height=\"1\" \/><\/h1>\n<h1 style=\"text-align: center;\">\u2660\u00a0 \u2663\u00a0 \u2665\u00a0 \u2666<\/h1>\n","protected":false},"excerpt":{"rendered":"<p>Localiza\u00e7\u00e3o<\/p>\n","protected":false},"author":1,"featured_media":0,"parent":0,"menu_order":0,"comment_status":"closed","ping_status":"closed","template":"","meta":[],"_links":{"self":[{"href":"http:\/\/www.logusinformatica.net\/index.php?rest_route=\/wp\/v2\/pages\/24"}],"collection":[{"href":"http:\/\/www.logusinformatica.net\/index.php?rest_route=\/wp\/v2\/pages"}],"about":[{"href":"http:\/\/www.logusinformatica.net\/index.php?rest_route=\/wp\/v2\/types\/page"}],"author":[{"embeddable":true,"href":"http:\/\/www.logusinformatica.net\/index.php?rest_route=\/wp\/v2\/users\/1"}],"replies":[{"embeddable":true,"href":"http:\/\/www.logusinformatica.net\/index.php?rest_route=%2Fwp%2Fv2%2Fcomments&post=24"}],"version-history":[{"count":23,"href":"http:\/\/www.logusinformatica.net\/index.php?rest_route=\/wp\/v2\/pages\/24\/revisions"}],"predecessor-version":[{"id":1024,"href":"http:\/\/www.logusinformatica.net\/index.php?rest_route=\/wp\/v2\/pages\/24\/revisions\/1024"}],"wp:attachment":[{"href":"http:\/\/www.logusinformatica.net\/index.php?rest_route=%2Fwp%2Fv2%2Fmedia&parent=24"}],"curies":[{"name":"wp","href":"https:\/\/api.w.org\/{rel}","templated":true}]}}