{"id":22,"date":"2017-01-02T14:25:28","date_gmt":"2017-01-02T14:25:28","guid":{"rendered":"http:\/\/www.logusinformatica.net\/?page_id=22"},"modified":"2017-01-04T20:12:04","modified_gmt":"2017-01-04T20:12:04","slug":"servicos","status":"publish","type":"page","link":"http:\/\/www.logusinformatica.net\/?page_id=22","title":{"rendered":"<i class=\"fa fa-gear\"><\/i>   Servi\u00e7os"},"content":{"rendered":"<div style=\"text-align: center;\">\n<div class=\"n2-code\"><!--Smart Slider #1 does NOT EXIST or has NO SLIDES!WordPress Shortcode--><\/div>\n<\/div>\n<p style=\"text-align: center;\"><code class=\"code-box\">\u00a0<\/code><\/p>\n<hr \/>\n<div class=\"csRow\">\n<div class=\"csColumnGap\" style=\"margin: 0px; padding: 0px; float: left; width: 1.56%;\"><img src=\"http:\/\/www.logusinformatica.net\/wp-content\/plugins\/advanced-wp-columns\/assets\/js\/plugins\/views\/img\/1x1-pixel.png\" \/><\/div>\n<div class=\"csColumn\" style=\"margin: 0px; padding: 0px; float: left; width: 31.3%;\" data-csstartpoint=\"15\" data-csendpoint=\"315\" data-cswidth=\"31.3%\" data-csid=\"5cfee15b-556f-5fe1-b9be-eea00f456268\">\n<p><img loading=\"lazy\" class=\"alignnone size-medium wp-image-292\" src=\"http:\/\/www.logusinformatica.net\/wp-content\/uploads\/2017\/01\/windows-10-300x126.png\" alt=\"\" width=\"300\" height=\"126\" srcset=\"http:\/\/www.logusinformatica.net\/wp-content\/uploads\/2017\/01\/windows-10-300x126.png 300w, http:\/\/www.logusinformatica.net\/wp-content\/uploads\/2017\/01\/windows-10-768x323.png 768w, http:\/\/www.logusinformatica.net\/wp-content\/uploads\/2017\/01\/windows-10-710x300.png 710w, http:\/\/www.logusinformatica.net\/wp-content\/uploads\/2017\/01\/windows-10.png 1000w\" sizes=\"(max-width: 300px) 100vw, 300px\" \/><\/p>\n<p>Windows 10<\/p>\n<p>O Microsoft Windows ainda continua sendo o Sistema Operacional mais utilizado no mundo. Esta nova vers\u00e3o traz v\u00e1rias novidades, al\u00e9m de ter sido criado para ser mais \u00e1gil. O aluno aprender\u00e1 desde comandos b\u00e1sicos como gerenciar pastas e arquivos no computador e tamb\u00e9m atrav\u00e9s de dispositivos m\u00f3veis (Pen Drives), at\u00e9 funcionalidades mais complexas do Windows 10 como cria\u00e7\u00e3o e gerenciamento de e-mails, al\u00e9m de conhecer algumas das novidades mais incr\u00edveis do Windows 10, como por exemplo a Cortana, a assistente inteligente da Microsoft.<\/p>\n<\/div>\n<div class=\"csColumnGap\" style=\"margin: 0px; padding: 0px; float: left; width: 1.56%;\"><img src=\"http:\/\/www.logusinformatica.net\/wp-content\/plugins\/advanced-wp-columns\/assets\/js\/plugins\/views\/img\/1x1-pixel.png\" \/><\/div>\n<div class=\"csColumn\" style=\"margin: 0px; padding: 0px; float: left; width: 31.3%;\" data-csstartpoint=\"330\" data-csendpoint=\"630\" data-cswidth=\"31.3%\" data-csid=\"30202126-63ae-4ecc-a58c-aca213b42a45\">\n<p><img loading=\"lazy\" class=\"alignnone wp-image-292 size-medium\" src=\"http:\/\/www.logusinformatica.net\/wp-content\/uploads\/2017\/01\/windows-10-300x126.png\" width=\"300\" height=\"126\" srcset=\"http:\/\/www.logusinformatica.net\/wp-content\/uploads\/2017\/01\/windows-10-300x126.png 300w, http:\/\/www.logusinformatica.net\/wp-content\/uploads\/2017\/01\/windows-10-768x323.png 768w, http:\/\/www.logusinformatica.net\/wp-content\/uploads\/2017\/01\/windows-10-710x300.png 710w, http:\/\/www.logusinformatica.net\/wp-content\/uploads\/2017\/01\/windows-10.png 1000w\" sizes=\"(max-width: 300px) 100vw, 300px\" \/><\/p>\n<p>Windows 10<\/p>\n<p>O Microsoft Windows ainda continua sendo o Sistema Operacional mais utilizado no mundo. Esta nova vers\u00e3o traz v\u00e1rias novidades, al\u00e9m de ter sido criado para ser mais \u00e1gil. O aluno aprender\u00e1 desde comandos b\u00e1sicos como gerenciar pastas e arquivos no computador e tamb\u00e9m atrav\u00e9s de dispositivos m\u00f3veis (Pen Drives), at\u00e9 funcionalidades mais complexas do Windows 10 como cria\u00e7\u00e3o e gerenciamento de e-mails, al\u00e9m de conhecer algumas das novidades mais incr\u00edveis do Windows 10, como por exemplo a Cortana, a assistente inteligente da Microsoft.<\/p>\n<\/div>\n<div class=\"csColumnGap\" style=\"margin: 0px; padding: 0px; float: left; width: 1.56%;\"><img src=\"http:\/\/www.logusinformatica.net\/wp-content\/plugins\/advanced-wp-columns\/assets\/js\/plugins\/views\/img\/1x1-pixel.png\" \/><\/div>\n<div class=\"csColumn\" style=\"margin: 0px; padding: 0px; float: left; width: 31.3%;\" data-csstartpoint=\"645\" data-csendpoint=\"945\" data-cswidth=\"31.3%\" data-csid=\"20a50b6d-027d-f38c-ab4b-3930a3015c88\">\n<p><img loading=\"lazy\" class=\"alignnone size-medium wp-image-292\" src=\"http:\/\/www.logusinformatica.net\/wp-content\/uploads\/2017\/01\/windows-10-300x126.png\" alt=\"\" width=\"300\" height=\"126\" srcset=\"http:\/\/www.logusinformatica.net\/wp-content\/uploads\/2017\/01\/windows-10-300x126.png 300w, http:\/\/www.logusinformatica.net\/wp-content\/uploads\/2017\/01\/windows-10-768x323.png 768w, http:\/\/www.logusinformatica.net\/wp-content\/uploads\/2017\/01\/windows-10-710x300.png 710w, http:\/\/www.logusinformatica.net\/wp-content\/uploads\/2017\/01\/windows-10.png 1000w\" sizes=\"(max-width: 300px) 100vw, 300px\" \/><\/p>\n<p>Windows 10<\/p>\n<p>O Microsoft Windows ainda continua sendo o Sistema Operacional mais utilizado no mundo. Esta nova vers\u00e3o traz v\u00e1rias novidades, al\u00e9m de ter sido criado para ser mais \u00e1gil. O aluno aprender\u00e1 desde comandos b\u00e1sicos como gerenciar pastas e arquivos no computador e tamb\u00e9m atrav\u00e9s de dispositivos m\u00f3veis (Pen Drives), at\u00e9 funcionalidades mais complexas do Windows 10 como cria\u00e7\u00e3o e gerenciamento de e-mails, al\u00e9m de conhecer algumas das novidades mais incr\u00edveis do Windows 10, como por exemplo a Cortana, a assistente inteligente da Microsoft.<\/p>\n<\/div>\n<div class=\"csColumnGap\" style=\"margin: 0px; padding: 0px; float: left; width: 1.56%;\"><img src=\"http:\/\/www.logusinformatica.net\/wp-content\/plugins\/advanced-wp-columns\/assets\/js\/plugins\/views\/img\/1x1-pixel.png\" \/><\/div>\n<div style=\"clear: both; float: none; display: block; visibility: hidden; width: 0px; font-size: 0px; line-height: 0;\"><\/div>\n<\/div>\n<p style=\"text-align: center;\">\n","protected":false},"excerpt":{"rendered":"<p>\u00a0 Windows 10 O Microsoft Windows ainda continua sendo o Sistema Operacional mais utilizado no mundo. Esta nova vers\u00e3o traz v\u00e1rias novidades, al\u00e9m de ter sido criado para ser mais \u00e1gil. O aluno aprender\u00e1 desde comandos b\u00e1sicos como gerenciar pastas e arquivos no computador e tamb\u00e9m atrav\u00e9s de dispositivos m\u00f3veis (Pen Drives), at\u00e9 funcionalidades mais [&hellip;]<\/p>\n","protected":false},"author":1,"featured_media":0,"parent":0,"menu_order":3,"comment_status":"closed","ping_status":"closed","template":"","meta":[],"_links":{"self":[{"href":"http:\/\/www.logusinformatica.net\/index.php?rest_route=\/wp\/v2\/pages\/22"}],"collection":[{"href":"http:\/\/www.logusinformatica.net\/index.php?rest_route=\/wp\/v2\/pages"}],"about":[{"href":"http:\/\/www.logusinformatica.net\/index.php?rest_route=\/wp\/v2\/types\/page"}],"author":[{"embeddable":true,"href":"http:\/\/www.logusinformatica.net\/index.php?rest_route=\/wp\/v2\/users\/1"}],"replies":[{"embeddable":true,"href":"http:\/\/www.logusinformatica.net\/index.php?rest_route=%2Fwp%2Fv2%2Fcomments&post=22"}],"version-history":[{"count":40,"href":"http:\/\/www.logusinformatica.net\/index.php?rest_route=\/wp\/v2\/pages\/22\/revisions"}],"predecessor-version":[{"id":359,"href":"http:\/\/www.logusinformatica.net\/index.php?rest_route=\/wp\/v2\/pages\/22\/revisions\/359"}],"wp:attachment":[{"href":"http:\/\/www.logusinformatica.net\/index.php?rest_route=%2Fwp%2Fv2%2Fmedia&parent=22"}],"curies":[{"name":"wp","href":"https:\/\/api.w.org\/{rel}","templated":true}]}}